{"id":28,"date":"2021-11-10T16:24:49","date_gmt":"2021-11-10T19:24:49","guid":{"rendered":"https:\/\/staging.forumjustica.com.br\/live\/live\/?page_id=28"},"modified":"2023-09-28T01:36:34","modified_gmt":"2023-09-28T04:36:34","slug":"equipe","status":"publish","type":"page","link":"https:\/\/staging.forumjustica.com.br\/es\/institucional\/equipe\/","title":{"rendered":"Equipo"},"content":{"rendered":"<p>F\u00f3rum Justicia cuenta con un equipo dedicado a transformar las ideas en realidad. Son personas de diferentes generaciones y or\u00edgenes, que tienen en com\u00fan la aspiraci\u00f3n de un sistema de justicia que contribuya a una sociedad democr\u00e1tica, inclusiva y plural.<\/p>\n<p>Conozca el equipo de F\u00f3rum Justicia a continuaci\u00f3n:<\/p>","protected":false},"excerpt":{"rendered":"<p>F\u00f3rum Justicia cuenta con un equipo dedicado a transformar las ideas en realidad. Son personas de diferentes generaciones y or\u00edgenes, que tienen en com\u00fan la aspiraci\u00f3n de un sistema de justicia que contribuya a una sociedad democr\u00e1tica, inclusiva y plural. Conozca el equipo de F\u00f3rum Justicia a continuaci\u00f3n:<\/p>\n","protected":false},"author":13,"featured_media":0,"parent":45,"menu_order":2,"comment_status":"closed","ping_status":"closed","template":"","meta":{"inline_featured_image":false,"footnotes":""},"class_list":["post-28","page","type-page","status-publish","hentry"],"_links":{"self":[{"href":"https:\/\/staging.forumjustica.com.br\/es\/wp-json\/wp\/v2\/pages\/28","targetHints":{"allow":["GET"]}}],"collection":[{"href":"https:\/\/staging.forumjustica.com.br\/es\/wp-json\/wp\/v2\/pages"}],"about":[{"href":"https:\/\/staging.forumjustica.com.br\/es\/wp-json\/wp\/v2\/types\/page"}],"author":[{"embeddable":true,"href":"https:\/\/staging.forumjustica.com.br\/es\/wp-json\/wp\/v2\/users\/13"}],"replies":[{"embeddable":true,"href":"https:\/\/staging.forumjustica.com.br\/es\/wp-json\/wp\/v2\/comments?post=28"}],"version-history":[{"count":55,"href":"https:\/\/staging.forumjustica.com.br\/es\/wp-json\/wp\/v2\/pages\/28\/revisions"}],"predecessor-version":[{"id":19533,"href":"https:\/\/staging.forumjustica.com.br\/es\/wp-json\/wp\/v2\/pages\/28\/revisions\/19533"}],"up":[{"embeddable":true,"href":"https:\/\/staging.forumjustica.com.br\/es\/wp-json\/wp\/v2\/pages\/45"}],"wp:attachment":[{"href":"https:\/\/staging.forumjustica.com.br\/es\/wp-json\/wp\/v2\/media?parent=28"}],"curies":[{"name":"wp","href":"https:\/\/api.w.org\/{rel}","templated":true}]}}