{"id":26,"date":"2021-11-10T16:24:02","date_gmt":"2021-11-10T19:24:02","guid":{"rendered":"https:\/\/staging.forumjustica.com.br\/live\/live\/?page_id=26"},"modified":"2023-07-18T07:14:28","modified_gmt":"2023-07-18T10:14:28","slug":"historia","status":"publish","type":"page","link":"https:\/\/staging.forumjustica.com.br\/es\/institucional\/historia\/","title":{"rendered":"Memoria"},"content":{"rendered":"<p>En los a\u00f1os 2000, la idea de una Justicia centrada en la protecci\u00f3n de los derechos de las personas m\u00e1s vulnerables y alineada con los valores democr\u00e1ticos se debati\u00f3 en congresos internacionales celebrados en Am\u00e9rica Latina. En marzo de 2008, la XIV Conferencia Judicial Iberoamericana, celebrada en Brasilia, aprob\u00f3 el documento \u00ab100 Reglas de Brasilia\u00bb, que estableci\u00f3 la necesidad de una Justicia que proteja a las personas en situaci\u00f3n de vulnerabilidad.<\/p>\n<p>F\u00f3rum Justicia fue creado a partir de la movilizaci\u00f3n de un seminario de an\u00e1lisis de los 100 Reglas de Brasilia ocurrido en R\u00edo de Janeiro, que reuni\u00f3 a defensoras y defensores p\u00fablicos de R\u00edo de Janeiro e integrantes\u00a0 del Grupo de Investigaci\u00f3n sobre Derechos Humanos, Poder Judicial y Sociedad &#8211; DHPJS, vinculado a la Facultad de Derecho de la Universidad Estadual de R\u00edo de Janeiro &#8211; UERJ.<\/p>\n<p>Vea a continuaci\u00f3n los principales hitos de la trayectoria de F\u00f3rum y lea el informe completo <a href=\"\/o-que-fazemos\/memoria\/memorias\/\">aqu\u00ed<\/a>.<\/p>","protected":false},"excerpt":{"rendered":"<p>En los a\u00f1os 2000, la idea de una Justicia centrada en la protecci\u00f3n de los derechos de las personas m\u00e1s vulnerables y alineada con los valores democr\u00e1ticos se debati\u00f3 en congresos internacionales celebrados en Am\u00e9rica Latina. En marzo de 2008, la XIV Conferencia Judicial Iberoamericana, celebrada en Brasilia, aprob\u00f3 el documento \u00ab100 Reglas de Brasilia\u00bb, [&hellip;]<\/p>\n","protected":false},"author":13,"featured_media":0,"parent":45,"menu_order":2,"comment_status":"closed","ping_status":"closed","template":"","meta":{"inline_featured_image":false,"footnotes":""},"class_list":["post-26","page","type-page","status-publish","hentry"],"_links":{"self":[{"href":"https:\/\/staging.forumjustica.com.br\/es\/wp-json\/wp\/v2\/pages\/26","targetHints":{"allow":["GET"]}}],"collection":[{"href":"https:\/\/staging.forumjustica.com.br\/es\/wp-json\/wp\/v2\/pages"}],"about":[{"href":"https:\/\/staging.forumjustica.com.br\/es\/wp-json\/wp\/v2\/types\/page"}],"author":[{"embeddable":true,"href":"https:\/\/staging.forumjustica.com.br\/es\/wp-json\/wp\/v2\/users\/13"}],"replies":[{"embeddable":true,"href":"https:\/\/staging.forumjustica.com.br\/es\/wp-json\/wp\/v2\/comments?post=26"}],"version-history":[{"count":14,"href":"https:\/\/staging.forumjustica.com.br\/es\/wp-json\/wp\/v2\/pages\/26\/revisions"}],"predecessor-version":[{"id":19504,"href":"https:\/\/staging.forumjustica.com.br\/es\/wp-json\/wp\/v2\/pages\/26\/revisions\/19504"}],"up":[{"embeddable":true,"href":"https:\/\/staging.forumjustica.com.br\/es\/wp-json\/wp\/v2\/pages\/45"}],"wp:attachment":[{"href":"https:\/\/staging.forumjustica.com.br\/es\/wp-json\/wp\/v2\/media?parent=26"}],"curies":[{"name":"wp","href":"https:\/\/api.w.org\/{rel}","templated":true}]}}