{"id":12,"date":"2021-11-10T16:20:42","date_gmt":"2021-11-10T19:20:42","guid":{"rendered":"https:\/\/staging.forumjustica.com.br\/live\/live\/?page_id=12"},"modified":"2023-07-18T07:07:23","modified_gmt":"2023-07-18T10:07:23","slug":"sobre","status":"publish","type":"page","link":"https:\/\/staging.forumjustica.com.br\/es\/institucional\/sobre\/","title":{"rendered":"Actuaci\u00f3n"},"content":{"rendered":"<p>F\u00f3rum Justicia (FJ) es una articulaci\u00f3n de integrantes del sistema de justicia, acad\u00e9micas\/os, movimientos sociales y organizaciones de la sociedad civil comprometidos con la construcci\u00f3n de una justicia democr\u00e1tica e inclusiva, capaz de actuar para mitigar las desigualdades sociales y combatir las violaciones de los derechos humanos.<\/p>\n<p>Los integrantes de CJ apoyan un modelo de justicia integrador, basado en el reconocimiento de los derechos de los diferentes grupos sociales, especialmente los vulnerabilizados, marginados y excluidos de los espacios de poder; en la redistribuci\u00f3n de los bienes y la riqueza; y en la participaci\u00f3n popular.<\/p>\n<p>A pesar de algunos avances, la organizaci\u00f3n y el funcionamiento de la justicia contin\u00faa favoreciendo culturas y comportamientos corporativos autoritarios, elitistas, racistas y sexistas. Hist\u00f3ricamente, las instituciones judiciales han sido poco permeables a las demandas de los sectores vulnerabilizados de la poblaci\u00f3n.<\/p>\n<p>Para F\u00f3rum Justicia, el sistema de justicia es un servicio p\u00fablico, y como tal, tiene el deber de mantener canales de di\u00e1logo con los diferentes actores sociales y priorizar la protecci\u00f3n y promoci\u00f3n de los derechos de todos y todas.<\/p>\n<p>Fundado en 2011, en R\u00edo de Janeiro, a partir de la movilizaci\u00f3n de un grupo de defensores p\u00fablicos y estudiantes de derecho, FJ realiza debates sobre pol\u00edtica judicial, participa en investigaciones y diagn\u00f3sticos y elabora acciones estrat\u00e9gicas para la democratizaci\u00f3n de la justicia en todas las regiones brasileras.<\/p>\n<p>La articulaci\u00f3n act\u00faa de afuera hacia adentro, a trav\u00e9s del di\u00e1logo y de puentes entre la sociedad civil y las instituciones que conforman el sistema de justicia; y de adentro hacia afuera, con la identificaci\u00f3n de las desigualdades al interior de los \u00f3rganos de este sistema.<\/p>\n<p>A lo largo de sus diez a\u00f1os de actividades, F\u00f3rum Justicia ha trabajado en diferentes frentes. Actualmente, prioriza los siguientes ejes tem\u00e1ticos: <strong>Raza<\/strong>, en el que busca enfrentar el racismo institucional en el sistema de justicia; <strong>G\u00e9nero<\/strong>, dedicado a combatir la discriminaci\u00f3n de g\u00e9nero en estas instituciones; <strong>Ibero-Latinoamericano<\/strong>, que establece di\u00e1logos sobre desaf\u00edos y perspectivas comunes con organizaciones de pa\u00edses latinoamericanos; <strong>Ciudades<\/strong>, que realiza acciones con colectivos y organizaciones de la sociedad civil en la b\u00fasqueda de soluciones a conflictos y demandas espec\u00edficas; y <strong>Democratizaci\u00f3n del Sistema de Justicia<\/strong>, que representa el compromiso de la articulaci\u00f3n con la transformaci\u00f3n del sistema de justicia, para que sea abierto a la participaci\u00f3n popular.<\/p>","protected":false},"excerpt":{"rendered":"<p>F\u00f3rum Justicia (FJ) es una articulaci\u00f3n de integrantes del sistema de justicia, acad\u00e9micas\/os, movimientos sociales y organizaciones de la sociedad civil comprometidos con la construcci\u00f3n de una justicia democr\u00e1tica e inclusiva, capaz de actuar para mitigar las desigualdades sociales y combatir las violaciones de los derechos humanos. Los integrantes de CJ apoyan un modelo de [&hellip;]<\/p>\n","protected":false},"author":13,"featured_media":0,"parent":45,"menu_order":1,"comment_status":"closed","ping_status":"closed","template":"","meta":{"inline_featured_image":false,"footnotes":""},"class_list":["post-12","page","type-page","status-publish","hentry"],"_links":{"self":[{"href":"https:\/\/staging.forumjustica.com.br\/es\/wp-json\/wp\/v2\/pages\/12","targetHints":{"allow":["GET"]}}],"collection":[{"href":"https:\/\/staging.forumjustica.com.br\/es\/wp-json\/wp\/v2\/pages"}],"about":[{"href":"https:\/\/staging.forumjustica.com.br\/es\/wp-json\/wp\/v2\/types\/page"}],"author":[{"embeddable":true,"href":"https:\/\/staging.forumjustica.com.br\/es\/wp-json\/wp\/v2\/users\/13"}],"replies":[{"embeddable":true,"href":"https:\/\/staging.forumjustica.com.br\/es\/wp-json\/wp\/v2\/comments?post=12"}],"version-history":[{"count":7,"href":"https:\/\/staging.forumjustica.com.br\/es\/wp-json\/wp\/v2\/pages\/12\/revisions"}],"predecessor-version":[{"id":19494,"href":"https:\/\/staging.forumjustica.com.br\/es\/wp-json\/wp\/v2\/pages\/12\/revisions\/19494"}],"up":[{"embeddable":true,"href":"https:\/\/staging.forumjustica.com.br\/es\/wp-json\/wp\/v2\/pages\/45"}],"wp:attachment":[{"href":"https:\/\/staging.forumjustica.com.br\/es\/wp-json\/wp\/v2\/media?parent=12"}],"curies":[{"name":"wp","href":"https:\/\/api.w.org\/{rel}","templated":true}]}}