{"id":28,"date":"2021-11-10T16:24:49","date_gmt":"2021-11-10T19:24:49","guid":{"rendered":"https:\/\/staging.forumjustica.com.br\/live\/live\/?page_id=28"},"modified":"2023-09-28T01:36:34","modified_gmt":"2023-09-28T04:36:34","slug":"equipe","status":"publish","type":"page","link":"https:\/\/staging.forumjustica.com.br\/en\/institucional\/equipe\/","title":{"rendered":"Team"},"content":{"rendered":"<p>O F\u00f3rum Justi\u00e7a conta com uma equipe dedicada a transformar as ideias em realidade. S\u00e3o pessoas de diferentes gera\u00e7\u00f5es e origens, que t\u00eam em comum a aspira\u00e7\u00e3o por um sistema de justi\u00e7a que contribua para uma sociedade democr\u00e1tica, inclusiva e plural.<\/p>\n<p>Conhe\u00e7a a seguir a equipe do F\u00f3rum Justi\u00e7a:<\/p>","protected":false},"excerpt":{"rendered":"<p>O F\u00f3rum Justi\u00e7a conta com uma equipe dedicada a transformar as ideias em realidade. S\u00e3o pessoas de diferentes gera\u00e7\u00f5es e origens, que t\u00eam em comum a aspira\u00e7\u00e3o por um sistema de justi\u00e7a que contribua para uma sociedade democr\u00e1tica, inclusiva e plural. Conhe\u00e7a a seguir a equipe do F\u00f3rum Justi\u00e7a:<\/p>\n","protected":false},"author":13,"featured_media":0,"parent":45,"menu_order":2,"comment_status":"closed","ping_status":"closed","template":"","meta":{"inline_featured_image":false,"footnotes":""},"class_list":["post-28","page","type-page","status-publish","hentry"],"_links":{"self":[{"href":"https:\/\/staging.forumjustica.com.br\/en\/wp-json\/wp\/v2\/pages\/28","targetHints":{"allow":["GET"]}}],"collection":[{"href":"https:\/\/staging.forumjustica.com.br\/en\/wp-json\/wp\/v2\/pages"}],"about":[{"href":"https:\/\/staging.forumjustica.com.br\/en\/wp-json\/wp\/v2\/types\/page"}],"author":[{"embeddable":true,"href":"https:\/\/staging.forumjustica.com.br\/en\/wp-json\/wp\/v2\/users\/13"}],"replies":[{"embeddable":true,"href":"https:\/\/staging.forumjustica.com.br\/en\/wp-json\/wp\/v2\/comments?post=28"}],"version-history":[{"count":55,"href":"https:\/\/staging.forumjustica.com.br\/en\/wp-json\/wp\/v2\/pages\/28\/revisions"}],"predecessor-version":[{"id":19533,"href":"https:\/\/staging.forumjustica.com.br\/en\/wp-json\/wp\/v2\/pages\/28\/revisions\/19533"}],"up":[{"embeddable":true,"href":"https:\/\/staging.forumjustica.com.br\/en\/wp-json\/wp\/v2\/pages\/45"}],"wp:attachment":[{"href":"https:\/\/staging.forumjustica.com.br\/en\/wp-json\/wp\/v2\/media?parent=28"}],"curies":[{"name":"wp","href":"https:\/\/api.w.org\/{rel}","templated":true}]}}