{"id":26,"date":"2021-11-10T16:24:02","date_gmt":"2021-11-10T19:24:02","guid":{"rendered":"https:\/\/staging.forumjustica.com.br\/live\/live\/?page_id=26"},"modified":"2023-07-18T07:14:28","modified_gmt":"2023-07-18T10:14:28","slug":"historia","status":"publish","type":"page","link":"https:\/\/staging.forumjustica.com.br\/en\/institucional\/historia\/","title":{"rendered":"History"},"content":{"rendered":"<p>Nos anos 2000, a ideia de uma Justi\u00e7a voltada \u00e0 prote\u00e7\u00e3o dos direitos de pessoas mais vulner\u00e1veis e alinhada aos valores democr\u00e1ticos foi discutida em congressos internacionais realizados na Am\u00e9rica Latina. Em mar\u00e7o de 2008, a XIV Confer\u00eancia Judicial Ibero-americana, realizada em Bras\u00edlia, aprovou o documento \u201c100 Regras de Bras\u00edlia\u201d, que estabeleceu a necessidade de uma Justi\u00e7a que proteja as pessoas em situa\u00e7\u00f5es de vulnerabilidade.<\/p>\n<p>O F\u00f3rum Justi\u00e7a foi criado a partir da mobiliza\u00e7\u00e3o de um semin\u00e1rio de an\u00e1lise das ocorrido no Rio de Janeiro que reuniu defensoras e defensores p\u00fablicos fluminenses e integrantes do Grupo de Pesquisa Direitos Humanos Poder Judici\u00e1rio e Sociedade \u2013 DHPJS, vinculado \u00e0 Faculdade de Direito da Universidade do Estado do Rio de Janeiro \u2013 UERJ.<\/p>\n<p>Veja a seguir os principais marcos da trajet\u00f3ria do F\u00f3rum e leia um relato completo <a href=\"\/o-que-fazemos\/memoria\/memorias\/\">aqui<\/a>.<\/p>","protected":false},"excerpt":{"rendered":"<p>Nos anos 2000, a ideia de uma Justi\u00e7a voltada \u00e0 prote\u00e7\u00e3o dos direitos de pessoas mais vulner\u00e1veis e alinhada aos valores democr\u00e1ticos foi discutida em congressos internacionais realizados na Am\u00e9rica Latina. Em mar\u00e7o de 2008, a XIV Confer\u00eancia Judicial Ibero-americana, realizada em Bras\u00edlia, aprovou o documento \u201c100 Regras de Bras\u00edlia\u201d, que estabeleceu a necessidade de [&hellip;]<\/p>\n","protected":false},"author":13,"featured_media":0,"parent":45,"menu_order":2,"comment_status":"closed","ping_status":"closed","template":"","meta":{"inline_featured_image":false,"footnotes":""},"class_list":["post-26","page","type-page","status-publish","hentry"],"_links":{"self":[{"href":"https:\/\/staging.forumjustica.com.br\/en\/wp-json\/wp\/v2\/pages\/26","targetHints":{"allow":["GET"]}}],"collection":[{"href":"https:\/\/staging.forumjustica.com.br\/en\/wp-json\/wp\/v2\/pages"}],"about":[{"href":"https:\/\/staging.forumjustica.com.br\/en\/wp-json\/wp\/v2\/types\/page"}],"author":[{"embeddable":true,"href":"https:\/\/staging.forumjustica.com.br\/en\/wp-json\/wp\/v2\/users\/13"}],"replies":[{"embeddable":true,"href":"https:\/\/staging.forumjustica.com.br\/en\/wp-json\/wp\/v2\/comments?post=26"}],"version-history":[{"count":14,"href":"https:\/\/staging.forumjustica.com.br\/en\/wp-json\/wp\/v2\/pages\/26\/revisions"}],"predecessor-version":[{"id":19504,"href":"https:\/\/staging.forumjustica.com.br\/en\/wp-json\/wp\/v2\/pages\/26\/revisions\/19504"}],"up":[{"embeddable":true,"href":"https:\/\/staging.forumjustica.com.br\/en\/wp-json\/wp\/v2\/pages\/45"}],"wp:attachment":[{"href":"https:\/\/staging.forumjustica.com.br\/en\/wp-json\/wp\/v2\/media?parent=26"}],"curies":[{"name":"wp","href":"https:\/\/api.w.org\/{rel}","templated":true}]}}